{"id":22,"date":"2018-08-24T07:53:23","date_gmt":"2018-08-24T07:53:23","guid":{"rendered":"http:\/\/localhost\/yootheme_pro\/2018\/vista\/Website_WP\/index.php\/extensions\/"},"modified":"2026-04-21T00:13:03","modified_gmt":"2026-04-21T00:13:03","slug":"extensions","status":"publish","type":"page","link":"https:\/\/fuseepolls.site\/?page_id=22","title":{"rendered":"Extensions"},"content":{"rendered":"<p>Hecho Para<br \/>\nClientes<\/p>\n<p>Lorem ipsum dolor sit amet consetetur sadipscing elitr sed diam nonumy eirmod tempor invidunt ut labore et dolore magna aliquyam erat.<\/p>\n<p>S\u00e9 uno de nuestros Clientes<\/p>\n<p>Plugins Principales<\/p>\n<p>Ver m\u00e1s<\/p>\n<p>Solicitar Una Extensi\u00f3n<\/p>\n<p>Lorem ipsum dolor sit amet, consetetur sadipscing elitr, sed diam nonumy eirmod tempor invidunt ut labore et dolore magna aliquyam erat.<\/p>\n<p>Solicitar<\/p>\n<p>Sugerencias<\/p>\n<p><!-- {\"name\":\"\",\"type\":\"layout\",\"children\":[{\"name\":\"Hero\",\"type\":\"section\",\"props\":{\"style\":\"default\",\"width\":\"default\",\"vertical_align\":\"\",\"title_position\":\"top-left\",\"title_rotation\":\"left\",\"title_breakpoint\":\"xl\",\"image_position\":\"bottom-center\",\"image\":\"wp-content\\\/uploads\\\/extensions-hero.png\",\"text_color\":\"light\",\"height\":\"percent\",\"image_size\":\"cover\",\"image_width\":\"2560\",\"header_transparent\":\"light\",\"header_transparent_noplaceholder\":false,\"image_height\":\"\",\"image_effect\":\"\",\"animation\":\"fade\",\"padding\":\"large\"},\"children\":[{\"name\":\"\",\"type\":\"row\",\"props\":{\"fixed_width\":\"large\",\"breakpoint\":\"m\",\"layout\":\"1-1\"},\"children\":[{\"name\":\"\",\"type\":\"column\",\"props\":{\"widths\":[\"1-1\"],\"image_position\":\"center-center\"},\"children\":[{\"name\":\"\",\"type\":\"headline\",\"props\":{\"title_element\":\"h1\",\"content\":\"Hecho Para\\nClientes\",\"margin\":\"\",\"title_style\":\"heading-primary\",\"maxwidth\":\"large\",\"title_decoration\":\"\",\"title_color\":\"\",\"text_align\":\"\",\"text_align_breakpoint\":\"\",\"text_align_fallback\":\"\",\"maxwidth_align\":\"\",\"maxwidth_breakpoint\":\"\",\"animation\":\"\",\"visibility\":\"\"}},{\"name\":\"\",\"type\":\"text\",\"props\":{\"margin\":\"medium\",\"column_breakpoint\":\"m\",\"content\":\"Lorem ipsum dolor sit amet consetetur sadipscing elitr sed diam nonumy eirmod tempor invidunt ut labore et dolore magna aliquyam erat.\",\"maxwidth\":\"large\"}},{\"name\":\"\",\"type\":\"button\",\"props\":{\"gutter\":\"small\",\"margin\":\"default\",\"button_size\":\"\",\"text_align\":\"\",\"text_align_breakpoint\":\"\",\"text_align_fallback\":\"\",\"maxwidth\":\"\",\"maxwidth_align\":\"\",\"maxwidth_breakpoint\":\"\",\"animation\":\"\",\"visibility\":\"\"},\"children\":[{\"name\":\"\",\"type\":\"button_item\",\"props\":{\"button_style\":\"text\",\"icon_align\":\"left\",\"content\":\"S\\u00e9 uno de nuestros Clientes\",\"link\":\"index.php?option=com_content&view=article&id=23&catid=2\",\"link_target\":\"\"}}]}]}]}]},{\"name\":\"Gallery\",\"type\":\"section\",\"props\":{\"style\":\"default\",\"width\":\"default\",\"vertical_align\":\"middle\",\"title_position\":\"top-left\",\"title_rotation\":\"left\",\"title_breakpoint\":\"xl\",\"image_position\":\"top-center\",\"image\":\"\",\"padding\":\"large\",\"padding_remove_top\":false,\"padding_remove_bottom\":false,\"animation\":\"slide-bottom-medium\",\"animation_delay\":true,\"id\":\"plugins\"},\"children\":[{\"name\":\"\",\"type\":\"row\",\"props\":{\"fixed_width\":\"large\",\"breakpoint\":\"s\",\"layout\":\",\",\"margin_remove_top\":true,\"margin\":\"large\"},\"children\":[{\"name\":\"\",\"type\":\"column\",\"props\":{\"widths\":[\"\"],\"image_position\":\"center-center\"},\"children\":[{\"name\":\"\",\"type\":\"headline\",\"props\":{\"title_element\":\"h2\",\"content\":\"Plugins Principales\",\"margin_remove_top\":true,\"margin\":\"large\",\"title_style\":\"h1\",\"title_decoration\":\"\",\"title_color\":\"\",\"text_align\":\"\",\"text_align_breakpoint\":\"\",\"text_align_fallback\":\"\",\"maxwidth\":\"\",\"maxwidth_align\":\"\",\"maxwidth_breakpoint\":\"\",\"animation\":\"\",\"visibility\":\"\"}}]},{\"name\":\"\",\"type\":\"column\",\"props\":{\"widths\":[\"\"],\"image_position\":\"center-center\"},\"children\":[{\"name\":\"\",\"type\":\"button\",\"props\":{\"gutter\":\"small\",\"margin\":\"default\",\"text_align\":\"right\",\"text_align_breakpoint\":\"s\",\"text_align_fallback\":\"left\",\"button_size\":\"\",\"maxwidth\":\"\",\"maxwidth_align\":\"\",\"maxwidth_breakpoint\":\"\",\"animation\":\"\",\"visibility\":\"\"},\"children\":[{\"name\":\"\",\"type\":\"button_item\",\"props\":{\"button_style\":\"default\",\"icon_align\":\"right\",\"content\":\"Ver m\\u00e1s\",\"icon\":\"arrow-right\",\"link\":\"#\",\"link_target\":\"\"}}]}]}]},{\"name\":\"\",\"type\":\"row\",\"props\":{\"fixed_width\":\"large\",\"breakpoint\":\"s\",\"layout\":\"1-1\"},\"children\":[{\"name\":\"\",\"type\":\"column\",\"props\":{\"widths\":[\"1-1\"],\"image_position\":\"center-center\"},\"children\":[{\"name\":\"\",\"type\":\"grid\",\"props\":{\"show_title\":true,\"show_meta\":true,\"show_content\":true,\"show_image\":true,\"show_link\":true,\"grid_default\":\"1\",\"grid_medium\":\"3\",\"filter_style\":\"tab\",\"filter_all\":true,\"filter_position\":\"top\",\"filter_align\":\"left\",\"filter_grid_width\":\"auto\",\"filter_breakpoint\":\"m\",\"title_element\":\"h3\",\"meta_style\":\"meta\",\"meta_align\":\"bottom\",\"icon_ratio\":4,\"image_align\":\"top\",\"image_grid_width\":\"1-2\",\"image_breakpoint\":\"m\",\"link_text\":\"Read more\",\"link_style\":\"panel\",\"margin\":\"default\",\"image_width\":\"600\",\"panel_style\":\"card-default\",\"panel_size\":\"\",\"image_card\":true,\"title_style\":\"h4\",\"meta_margin\":\"small\",\"grid_large\":\"\",\"grid_small\":\"2\"},\"children\":[{\"name\":\"\",\"type\":\"grid_item\",\"props\":{\"image\":\"wp-content\\\/uploads\\\/extensions-gallery-06.jpg\",\"title\":\"Gravity\",\"meta\":\"Lorem ipsum dolor sit amet\",\"link\":\"index.php?page_id=20\"}},{\"name\":\"\",\"type\":\"grid_item\",\"props\":{\"image\":\"wp-content\\\/uploads\\\/extensions-gallery-02.jpg\",\"title\":\"Analytics\",\"meta\":\"Lorem ipsum dolor sit amet\",\"link\":\"index.php?page_id=20\"}},{\"name\":\"\",\"type\":\"grid_item\",\"props\":{\"image\":\"wp-content\\\/uploads\\\/extensions-gallery-03.jpg\",\"title\":\"Honey\",\"meta\":\"Lorem ipsum dolor sit amet\",\"link\":\"index.php?page_id=20\"}},{\"name\":\"\",\"type\":\"grid_item\",\"props\":{\"image\":\"wp-content\\\/uploads\\\/extensions-gallery-04.jpg\",\"title\":\"Waves\",\"meta\":\"Lorem ipsum dolor sit amet\",\"link\":\"index.php?page_id=20\"}},{\"name\":\"\",\"type\":\"grid_item\",\"props\":{\"image\":\"wp-content\\\/uploads\\\/extensions-gallery-01.jpg\",\"title\":\"Mountains\",\"meta\":\"Lorem ipsum dolor sit amet\",\"link\":\"index.php?page_id=20\"}},{\"name\":\"\",\"type\":\"grid_item\",\"props\":{\"image\":\"wp-content\\\/uploads\\\/extensions-gallery-05.jpg\",\"title\":\"Cleaner\",\"meta\":\"Lorem ipsum dolor sit amet\",\"link\":\"index.php?page_id=20\"}}]}]}]}]},{\"name\":\"Extension\",\"type\":\"section\",\"props\":{\"style\":\"default\",\"width\":\"\",\"vertical_align\":\"middle\",\"title_position\":\"top-left\",\"title_rotation\":\"left\",\"title_breakpoint\":\"xl\",\"image_position\":\"center-center\",\"padding\":\"large\",\"padding_remove_bottom\":false,\"animation\":\"slide-left-medium\",\"animation_delay\":true,\"id\":\"cyo\"},\"children\":[{\"name\":\"\",\"type\":\"row\",\"props\":{\"fixed_width\":\"large\",\"breakpoint\":\"m\",\"layout\":\",\",\"vertical_align\":true,\"gutter\":\"large\",\"margin\":\"xlarge\",\"width\":\"\",\"height\":\"\"},\"children\":[{\"name\":\"\",\"type\":\"column\",\"props\":{\"widths\":[\"\"],\"image_position\":\"center-center\",\"vertical_align\":\"middle\",\"style\":\"\",\"text_color\":\"\",\"padding\":\"\"},\"children\":[{\"name\":\"\",\"type\":\"image\",\"props\":{\"margin\":\"default\",\"image\":\"wp-content\\\/uploads\\\/extensions-extension.png\",\"image_width\":\"1240\",\"image_height\":\"\"}}]},{\"name\":\"\",\"type\":\"column\",\"props\":{\"widths\":[\"\"],\"image_position\":\"center-center\",\"style\":\"default\",\"padding\":\"\",\"vertical_align\":\"middle\"},\"children\":[{\"name\":\"\",\"type\":\"headline\",\"props\":{\"title_element\":\"h2\",\"content\":\"Solicitar Una Extensi\\u00f3n\",\"maxwidth\":\"large\",\"title_style\":\"h1\",\"title_decoration\":\"\",\"title_color\":\"\",\"text_align\":\"\",\"text_align_breakpoint\":\"\",\"text_align_fallback\":\"\",\"maxwidth_align\":\"\",\"maxwidth_breakpoint\":\"\",\"margin\":\"\",\"animation\":\"\",\"visibility\":\"\"}},{\"name\":\"\",\"type\":\"text\",\"props\":{\"margin\":\"medium\",\"column_breakpoint\":\"m\",\"content\":\"Lorem ipsum dolor sit amet, consetetur sadipscing elitr, sed diam nonumy eirmod tempor invidunt ut labore et dolore magna aliquyam erat.\",\"maxwidth\":\"large\"}},{\"name\":\"\",\"type\":\"button\",\"props\":{\"gutter\":\"medium\",\"margin\":\"default\",\"button_size\":\"\",\"text_align\":\"\",\"text_align_breakpoint\":\"\",\"text_align_fallback\":\"\",\"maxwidth\":\"\",\"maxwidth_align\":\"\",\"maxwidth_breakpoint\":\"\",\"animation\":\"\",\"visibility\":\"\"},\"children\":[{\"name\":\"\",\"type\":\"button_item\",\"props\":{\"button_style\":\"primary\",\"icon_align\":\"left\",\"content\":\"Solicitar\",\"link\":\"#\",\"link_target\":\"\"}},{\"name\":\"\",\"type\":\"button_item\",\"props\":{\"button_style\":\"text\",\"icon_align\":\"left\",\"content\":\"Sugerencias\",\"link\":\"index.php?page_id=23#compare\",\"link_target\":\"\"}}]}]}]}]}]} --><\/p>\n","protected":false},"excerpt":{"rendered":"<p>Hecho Para Clientes Lorem ipsum dolor sit amet consetetur sadipscing elitr sed diam nonumy eirmod tempor invidunt ut labore et dolore magna aliquyam erat. S\u00e9 uno de nuestros Clientes Plugins Principales Ver m\u00e1s Solicitar Una Extensi\u00f3n Lorem ipsum dolor sit amet, consetetur sadipscing elitr, sed diam nonumy eirmod tempor invidunt ut labore et dolore magna [&hellip;]<\/p>\n","protected":false},"author":1,"featured_media":0,"parent":0,"menu_order":2,"comment_status":"closed","ping_status":"closed","template":"","meta":{"footnotes":""},"class_list":["post-22","page","type-page","status-publish","hentry"],"_links":{"self":[{"href":"https:\/\/fuseepolls.site\/index.php?rest_route=\/wp\/v2\/pages\/22","targetHints":{"allow":["GET"]}}],"collection":[{"href":"https:\/\/fuseepolls.site\/index.php?rest_route=\/wp\/v2\/pages"}],"about":[{"href":"https:\/\/fuseepolls.site\/index.php?rest_route=\/wp\/v2\/types\/page"}],"author":[{"embeddable":true,"href":"https:\/\/fuseepolls.site\/index.php?rest_route=\/wp\/v2\/users\/1"}],"replies":[{"embeddable":true,"href":"https:\/\/fuseepolls.site\/index.php?rest_route=%2Fwp%2Fv2%2Fcomments&post=22"}],"version-history":[{"count":3,"href":"https:\/\/fuseepolls.site\/index.php?rest_route=\/wp\/v2\/pages\/22\/revisions"}],"predecessor-version":[{"id":149,"href":"https:\/\/fuseepolls.site\/index.php?rest_route=\/wp\/v2\/pages\/22\/revisions\/149"}],"wp:attachment":[{"href":"https:\/\/fuseepolls.site\/index.php?rest_route=%2Fwp%2Fv2%2Fmedia&parent=22"}],"curies":[{"name":"wp","href":"https:\/\/api.w.org\/{rel}","templated":true}]}}